{"id":2,"date":"2024-01-30T18:16:18","date_gmt":"2024-01-30T17:16:18","guid":{"rendered":"http:\/\/avvocatolusso.com\/?page_id=2"},"modified":"2025-11-26T14:12:42","modified_gmt":"2025-11-26T13:12:42","slug":"pagina-di-esempio","status":"publish","type":"page","link":"https:\/\/avvocatolusso.com\/index.php\/pagina-di-esempio\/","title":{"rendered":"Cosa possiamo fare per Voi? Ci occupiamo di&#8230;"},"content":{"rendered":"\n<p><\/p>\n\n\n\n<figure class=\"wp-block-image aligncenter size-large is-resized\"><img loading=\"lazy\" decoding=\"async\" width=\"1024\" height=\"683\" src=\"https:\/\/avvocatolusso.com\/wp-content\/uploads\/2024\/02\/perry-1024x683.webp\" alt=\"\" class=\"wp-image-158\" style=\"width:375px;height:auto\" srcset=\"https:\/\/avvocatolusso.com\/wp-content\/uploads\/2024\/02\/perry-1024x683.webp 1024w, https:\/\/avvocatolusso.com\/wp-content\/uploads\/2024\/02\/perry-300x200.webp 300w, https:\/\/avvocatolusso.com\/wp-content\/uploads\/2024\/02\/perry-768x512.webp 768w, https:\/\/avvocatolusso.com\/wp-content\/uploads\/2024\/02\/perry-540x360.webp 540w, https:\/\/avvocatolusso.com\/wp-content\/uploads\/2024\/02\/perry.webp 1050w\" sizes=\"auto, (max-width: 1024px) 100vw, 1024px\" \/><\/figure>\n\n\n\n<p>  <\/p>\n\n\n\n<p class=\"has-text-align-left\" style=\"padding-top:var(--wp--preset--spacing--30);padding-bottom:var(--wp--preset--spacing--30)\">Esiste l&#8217;avvocato migliore? Forse l&#8217;avvocato migliore \u00e8 semplicemente quello di cui si ha fiducia.<\/p>\n\n\n\n<p class=\"has-text-align-left\">La fiducia si conquista con i fatti e non con le parole; con la presenza, quando c&#8217;\u00e8 bisogno, con una soluzione, quando c&#8217;\u00e8 un problema che sembra insormontabile.<\/p>\n\n\n\n<p class=\"has-text-align-left\"> <\/p>\n\n\n\n<p class=\"has-text-align-left\"><strong>Lo studio<\/strong> <strong>dell&#8217;avvocato Lusso<\/strong><\/p>\n\n\n\n<p> <\/p>\n\n\n\n<p>L&#8217;Avvocato Ivano Lusso, patrocinante in Cassazione e presso le giurisdizioni superiori, opera da anni nel settore civile, famiglia e penale: <strong>Diritto<\/strong> <strong>Civile <\/strong>(responsabilit\u00e0 civile, eredit\u00e0, recupero crediti, <a href=\"https:\/\/it.wikipedia.org\/wiki\/Trust\" title=\"\"><strong><mark style=\"background-color:rgba(0, 0, 0, 0)\" class=\"has-inline-color has-main-primary-dark-color\">Trust<\/mark><\/strong><\/a>); <strong>Diritto di famiglia<\/strong> (separazione, divorzio, affidamento minori); <strong>Diritto Penale <\/strong>(reati stradali e reati di cui al cd &#8220;<a href=\"https:\/\/it.wikipedia.org\/wiki\/Codice_Rosso_(legge)\" title=\"\"><mark style=\"background-color:rgba(0, 0, 0, 0)\" class=\"has-inline-color has-main-primary-dark-color\"><strong>codice rosso<\/strong><\/mark><\/a>&#8220;); <strong>Diritto del lavoro<\/strong>, in particolare trasporto pubblico; <strong>Diritto venatorio e delle Armi.<\/strong><\/p>\n\n\n\n<p>Lo Studio si avvale anche di colleghi specializzati e collaboratori per raggiungere sempre il massimo approfondimento nelle questioni trattate.<\/p>\n\n\n\n<p>Specialmente nel caso difesa penale, lo studio assicura consulenza e difesa con la massima reperibilit\u00e0.<\/p>\n\n\n\n<p>  <\/p>\n\n\n<div class=\"is-default-size aligncenter wp-block-site-logo\"><a href=\"https:\/\/avvocatolusso.com\/\" class=\"custom-logo-link\" rel=\"home\"><img loading=\"lazy\" decoding=\"async\" width=\"500\" height=\"500\" src=\"https:\/\/avvocatolusso.com\/wp-content\/uploads\/2024\/02\/LOGO_quadrato-1.png\" class=\"custom-logo\" alt=\"Logo Studio Lusso\" srcset=\"https:\/\/avvocatolusso.com\/wp-content\/uploads\/2024\/02\/LOGO_quadrato-1.png 500w, https:\/\/avvocatolusso.com\/wp-content\/uploads\/2024\/02\/LOGO_quadrato-1-300x300.png 300w, https:\/\/avvocatolusso.com\/wp-content\/uploads\/2024\/02\/LOGO_quadrato-1-150x150.png 150w\" sizes=\"auto, (max-width: 500px) 100vw, 500px\" \/><\/a><\/div>\n\n\n<h2 class=\"wp-block-heading has-text-align-center\">Diritto civile<\/h2>\n\n\n\n<figure class=\"wp-block-image aligncenter size-large is-resized\"><img loading=\"lazy\" decoding=\"async\" width=\"819\" height=\"1024\" src=\"https:\/\/avvocatolusso.com\/wp-content\/uploads\/2024\/02\/libri-819x1024.jpg\" alt=\"\" class=\"wp-image-132\" style=\"width:364px;height:auto\" srcset=\"https:\/\/avvocatolusso.com\/wp-content\/uploads\/2024\/02\/libri-819x1024.jpg 819w, https:\/\/avvocatolusso.com\/wp-content\/uploads\/2024\/02\/libri-240x300.jpg 240w, https:\/\/avvocatolusso.com\/wp-content\/uploads\/2024\/02\/libri-768x960.jpg 768w, https:\/\/avvocatolusso.com\/wp-content\/uploads\/2024\/02\/libri-1229x1536.jpg 1229w, https:\/\/avvocatolusso.com\/wp-content\/uploads\/2024\/02\/libri-1638x2048.jpg 1638w, https:\/\/avvocatolusso.com\/wp-content\/uploads\/2024\/02\/libri-scaled.jpg 2048w\" sizes=\"auto, (max-width: 819px) 100vw, 819px\" \/><\/figure>\n\n\n\n<p style=\"padding-top:var(--wp--preset--spacing--30);padding-bottom:var(--wp--preset--spacing--30)\">Seguire con lo stesso impegno le piccole cause, quanto le grandi, rende l&#8217;avvocato migliore e pi\u00f9 attento alle persone.<\/p>\n\n\n\n<p style=\"padding-top:var(--wp--preset--spacing--30);padding-bottom:var(--wp--preset--spacing--30)\">Per questo, in presenza dei<a href=\"https:\/\/www.giustizia.it\/giustizia\/page\/it\/patrocinio_a_spese_dello_stato_nei_giudizi_civili_e_amministrativi#\" title=\"\"><mark style=\"background-color:rgba(0, 0, 0, 0)\" class=\"has-inline-color has-main-primary-dark-color\"><strong> requisiti previsti dalle legge<\/strong><\/mark><\/a>, offriamo difesa anche con <strong>gratuito patrocinio<\/strong>.<\/p>\n\n\n\n<p>Dalle banali <mark style=\"background-color:rgba(0, 0, 0, 0)\" class=\"has-inline-color has-main-primary-dark-color\"><strong>contravvenzioni al codice della strada<\/strong><\/mark>, con provvedimenti di sospensione e revoca della patente o ai dispetti del vicino di casa, dalle <strong>locazioni <\/strong>alle eredit\u00e0, sino ad arrivare ai <strong>Trust <\/strong>milionari: non ci sono diritti meno importanti di altri e tutti devono trovare la stessa attenzione da parte dell&#8217;avvocato. A volte, anche una piccola ingiustizia pu\u00f2 incidere sulla qualit\u00e0 della vita di una persona.<\/p>\n\n\n\n<p>Ci occupiamo per Voi di:<\/p>\n\n\n\n<ul class=\"wp-block-list\">\n<li><strong>Contratti e obbligazioni<\/strong><\/li>\n\n\n\n<li><strong>Risarcimento dei danni<\/strong> <\/li>\n\n\n\n<li><strong>Diritto immobiliare<\/strong><\/li>\n\n\n\n<li><strong>Diritto condominiale<\/strong><\/li>\n\n\n\n<li><strong>Eredit\u00e0 e successioni<\/strong><\/li>\n\n\n\n<li><strong>Danni derivanti da circolazione stradale<\/strong><\/li>\n\n\n\n<li><strong>Diritto del lavoro<\/strong> (trasporto pubblico locale) <\/li>\n\n\n\n<li><strong>Recupero crediti<\/strong> <strong>aziendali<\/strong><\/li>\n\n\n\n<li><strong>Negoziazione assistita<\/strong> <strong>e<\/strong> <strong>mediazioni<\/strong><\/li>\n<\/ul>\n\n\n\n<p> <\/p>\n\n\n<div class=\"is-default-size aligncenter wp-block-site-logo\"><a href=\"https:\/\/avvocatolusso.com\/\" class=\"custom-logo-link\" rel=\"home\"><img loading=\"lazy\" decoding=\"async\" width=\"500\" height=\"500\" src=\"https:\/\/avvocatolusso.com\/wp-content\/uploads\/2024\/02\/LOGO_quadrato-1.png\" class=\"custom-logo\" alt=\"Logo Studio Lusso\" srcset=\"https:\/\/avvocatolusso.com\/wp-content\/uploads\/2024\/02\/LOGO_quadrato-1.png 500w, https:\/\/avvocatolusso.com\/wp-content\/uploads\/2024\/02\/LOGO_quadrato-1-300x300.png 300w, https:\/\/avvocatolusso.com\/wp-content\/uploads\/2024\/02\/LOGO_quadrato-1-150x150.png 150w\" sizes=\"auto, (max-width: 500px) 100vw, 500px\" \/><\/a><\/div>\n\n\n<h2 class=\"wp-block-heading has-text-align-center\">Diritto venatorio, riserve di caccia, armi<\/h2>\n\n\n\n<figure class=\"wp-block-image aligncenter size-large is-resized\"><img loading=\"lazy\" decoding=\"async\" width=\"797\" height=\"1024\" src=\"https:\/\/avvocatolusso.com\/wp-content\/uploads\/2024\/02\/caccia-797x1024.jpeg\" alt=\"\" class=\"wp-image-255\" style=\"width:332px;height:auto\" srcset=\"https:\/\/avvocatolusso.com\/wp-content\/uploads\/2024\/02\/caccia-797x1024.jpeg 797w, https:\/\/avvocatolusso.com\/wp-content\/uploads\/2024\/02\/caccia-234x300.jpeg 234w, https:\/\/avvocatolusso.com\/wp-content\/uploads\/2024\/02\/caccia-768x986.jpeg 768w, https:\/\/avvocatolusso.com\/wp-content\/uploads\/2024\/02\/caccia-1196x1536.jpeg 1196w, https:\/\/avvocatolusso.com\/wp-content\/uploads\/2024\/02\/caccia-1595x2048.jpeg 1595w, https:\/\/avvocatolusso.com\/wp-content\/uploads\/2024\/02\/caccia-scaled.jpeg 1993w\" sizes=\"auto, (max-width: 797px) 100vw, 797px\" \/><\/figure>\n\n\n\n<p style=\"padding-top:var(--wp--preset--spacing--30);padding-bottom:var(--wp--preset--spacing--30)\">Lo studio ha maturato esperienza in tema di normativa statale e regionale che disciplina l&#8217;attivit\u00e0 venatoria nonch\u00e9 della normativa legata alle concessioni amministrative (in particolare Liguria e Piemonte) delle riserve di caccia (<a href=\"https:\/\/www.gazzettaufficiale.it\/atto\/serie_generale\/caricaArticolo?art.versione=1&amp;art.idGruppo=0&amp;art.flagTipoArticolo=0&amp;art.codiceRedazionale=092G0211&amp;art.idArticolo=16&amp;art.idSottoArticolo=1&amp;art.idSottoArticolo1=10&amp;art.dataPubblicazioneGazzetta=1992-02-25&amp;art.progressivo=0#art\" title=\"\"><mark style=\"background-color:rgba(0, 0, 0, 0)\" class=\"has-inline-color has-main-primary-dark-color\"><strong>AFV e aziende AATV<\/strong><\/mark><\/a>).<\/p>\n\n\n\n<p>L&#8217;assistenza legale in tema di diritto venatorio concerne l&#8217;opposizione a verbali di contestazione, opposizione alla sanzione accessoria della sospensione del permesso di caccia, l&#8217;assistenza e difesa nei procedimenti amministrativi volti alla sospensione o alla revoca del porto d\u2019armi, assistenza e difesa nei procedimenti penali per reati venatori, utilizzo e detenzione di armi. <\/p>\n\n\n\n<p style=\"padding-top:var(--wp--preset--spacing--50);padding-bottom:var(--wp--preset--spacing--50)\"> <\/p>\n\n\n<div class=\"is-default-size aligncenter wp-block-site-logo\"><a href=\"https:\/\/avvocatolusso.com\/\" class=\"custom-logo-link\" rel=\"home\"><img loading=\"lazy\" decoding=\"async\" width=\"500\" height=\"500\" src=\"https:\/\/avvocatolusso.com\/wp-content\/uploads\/2024\/02\/LOGO_quadrato-1.png\" class=\"custom-logo\" alt=\"Logo Studio Lusso\" srcset=\"https:\/\/avvocatolusso.com\/wp-content\/uploads\/2024\/02\/LOGO_quadrato-1.png 500w, https:\/\/avvocatolusso.com\/wp-content\/uploads\/2024\/02\/LOGO_quadrato-1-300x300.png 300w, https:\/\/avvocatolusso.com\/wp-content\/uploads\/2024\/02\/LOGO_quadrato-1-150x150.png 150w\" sizes=\"auto, (max-width: 500px) 100vw, 500px\" \/><\/a><\/div>\n\n\n<h2 class=\"wp-block-heading has-text-align-center\">Gestione patrimoni e Trust<\/h2>\n\n\n\n<figure class=\"wp-block-image aligncenter size-large is-resized\"><img loading=\"lazy\" decoding=\"async\" width=\"852\" height=\"1024\" src=\"http:\/\/avvocatolusso.com\/wp-content\/uploads\/2024\/02\/san-marino-1758848_1280-852x1024.webp\" alt=\"\" class=\"wp-image-129\" style=\"width:319px;height:auto\" srcset=\"https:\/\/avvocatolusso.com\/wp-content\/uploads\/2024\/02\/san-marino-1758848_1280-852x1024.webp 852w, https:\/\/avvocatolusso.com\/wp-content\/uploads\/2024\/02\/san-marino-1758848_1280-250x300.webp 250w, https:\/\/avvocatolusso.com\/wp-content\/uploads\/2024\/02\/san-marino-1758848_1280-768x923.webp 768w, https:\/\/avvocatolusso.com\/wp-content\/uploads\/2024\/02\/san-marino-1758848_1280.webp 1065w\" sizes=\"auto, (max-width: 852px) 100vw, 852px\" \/><\/figure>\n\n\n\n<p>Proteggere il patrimonio con strumenti tradizionali ma anche di quelli di applicazione pi\u00f9 recente nel nostro paese, come il <strong><a href=\"https:\/\/it.wikipedia.org\/wiki\/Trust\" title=\"\"><mark style=\"background-color:rgba(0, 0, 0, 0)\" class=\"has-inline-color has-main-primary-dark-color\">Trust<\/mark><\/a>, <\/strong>secondo la legge attualmente pi\u00f9 avanzata: quella di San Marino. Una <a href=\"https:\/\/lamagistratura.it\/civile\/le-leggi-sui-trust-nella-repubblica-di-san-marino\/\" title=\"\"><mark style=\"background-color:rgba(0, 0, 0, 0)\" class=\"has-inline-color has-main-primary-dark-color\"><strong>legge regolatrice<\/strong><\/mark><\/a> in lingua italiana, con una <strong><a href=\"https:\/\/www.cortetrust.sm\/on-line\/home.html\" target=\"_blank\" rel=\"noopener\" title=\"\"><mark style=\"background-color:rgba(0, 0, 0, 0)\" class=\"has-inline-color has-main-primary-dark-color\">Corte<\/mark><\/a> <\/strong>per il trust e i rapporti fiduciari che \u00e8 stata istituita a San Marino nell\u2019ambito della giurisdizione ordinaria con la Legge Costituzionale 26 gennaio 2012 n. 1.<\/p>\n\n\n\n<p class=\"has-text-align-center\"><strong>Il Trust nell&#8217;impresa<\/strong><\/p>\n\n\n\n<p>Nel cosiddetto &#8220;salto generazionale&#8221; il Trust, pu\u00f2 essere la soluzione giusta: quando fra eredi esistenti non c&#8217;\u00e8 nessuno attualmente capace o intenzionato a guidare l&#8217;impresa, ma potrebbero sopravvenire nipoti o non essere ancora pronti. <br>Nelle situazioni di incertezza: eredi ancora minori, oppure presenza di figli maggiorenni del primo matrimonio con figli minorenni del secondo matrimonio.  Il Trust agisce come soggetto \u00absuper partes\u00bb e decide in mancanza del disponente.<br>Nella cessione dell\u2019impresa a terzi: quando la famiglia non ha eredi capaci o desiderosi di gestire l\u2019impresa o quando la famiglia non riesce a gestire il successo dell&#8217;impresa con conseguente passaggio ad una maggior complessit\u00e0 della struttura aziendale.<\/p>\n\n\n\n<p>Il trust \u00e8 strumento per programmare la successione in azienda, in genere, ma anche la tutela di un marchio che non si vuole vedere prematuramente venduto, oppure semplicemente assicurare il futuro di un parente disabile: ecco a cosa pu\u00f2 servire un Trust, creando vincoli di destinazione sui beni e garantendo che vengano utilizzati secondo le volont\u00e0 del disponente, attraverso termini e adempimenti in grado di assicurare stabilit\u00e0 e realizzazione della sua volont\u00e0.<\/p>\n\n\n\n<p style=\"padding-top:0;padding-right:0;padding-bottom:0;padding-left:0\">L&#8217;avvocato Lusso ha frequentato nel 2021 il master per l&#8217;abilitazione e aggiornamento  per l&#8217;attivit\u00e0 di Trustee secondo la normativa di San Marino.<\/p>\n\n\n\n<p style=\"padding-top:var(--wp--preset--spacing--50);padding-bottom:var(--wp--preset--spacing--50)\"> <\/p>\n\n\n<div class=\"is-default-size aligncenter wp-block-site-logo\"><a href=\"https:\/\/avvocatolusso.com\/\" class=\"custom-logo-link\" rel=\"home\"><img loading=\"lazy\" decoding=\"async\" width=\"500\" height=\"500\" src=\"https:\/\/avvocatolusso.com\/wp-content\/uploads\/2024\/02\/LOGO_quadrato-1.png\" class=\"custom-logo\" alt=\"Logo Studio Lusso\" srcset=\"https:\/\/avvocatolusso.com\/wp-content\/uploads\/2024\/02\/LOGO_quadrato-1.png 500w, https:\/\/avvocatolusso.com\/wp-content\/uploads\/2024\/02\/LOGO_quadrato-1-300x300.png 300w, https:\/\/avvocatolusso.com\/wp-content\/uploads\/2024\/02\/LOGO_quadrato-1-150x150.png 150w\" sizes=\"auto, (max-width: 500px) 100vw, 500px\" \/><\/a><\/div>\n\n\n<h2 class=\"wp-block-heading has-text-align-center\">La crisi della famiglia: separazione, divorzio e minori<\/h2>\n\n\n\n<figure class=\"wp-block-image aligncenter size-large is-resized\"><img loading=\"lazy\" decoding=\"async\" width=\"1024\" height=\"682\" src=\"https:\/\/avvocatolusso.com\/wp-content\/uploads\/2024\/02\/argument-238529_1280-1-1024x682.jpg\" alt=\"\" class=\"wp-image-131\" style=\"width:390px;height:auto\" srcset=\"https:\/\/avvocatolusso.com\/wp-content\/uploads\/2024\/02\/argument-238529_1280-1-1024x682.jpg 1024w, https:\/\/avvocatolusso.com\/wp-content\/uploads\/2024\/02\/argument-238529_1280-1-300x200.jpg 300w, https:\/\/avvocatolusso.com\/wp-content\/uploads\/2024\/02\/argument-238529_1280-1-768x512.jpg 768w, https:\/\/avvocatolusso.com\/wp-content\/uploads\/2024\/02\/argument-238529_1280-1-540x360.jpg 540w, https:\/\/avvocatolusso.com\/wp-content\/uploads\/2024\/02\/argument-238529_1280-1-1080x720.jpg 1080w, https:\/\/avvocatolusso.com\/wp-content\/uploads\/2024\/02\/argument-238529_1280-1-1110x740.jpg 1110w, https:\/\/avvocatolusso.com\/wp-content\/uploads\/2024\/02\/argument-238529_1280-1.jpg 1280w\" sizes=\"auto, (max-width: 1024px) 100vw, 1024px\" \/><\/figure>\n\n\n\n<p style=\"padding-top:var(--wp--preset--spacing--30);padding-bottom:var(--wp--preset--spacing--30)\">Molto spesso quando un cliente si rivolge ad un avvocato non sa quello che vuole veramente in caso di separazione o divorzio.<\/p>\n\n\n\n<p>A volte, \u00e8 sufficiente consigliare alla coppia di rivolgersi ad un <a href=\"https:\/\/it.m.wikipedia.org\/wiki\/Mediazione_familiare\" title=\"\"><strong><mark style=\"background-color:rgba(0, 0, 0, 0)\" class=\"has-inline-color has-main-primary-dark-color\">mediatore familiare<\/mark><\/strong><\/a> o ad uno psicologo, privilegiando sempre un approccio conservativo del vincolo matrimoniale o, perlomeno, la certezza di una decisione ponderata.<\/p>\n\n\n\n<p>A volte, invece, \u00e8 davvero necessaria la separazione che, se \u00e8 consensuale e ne ricorrono i requisiti, \u00e8 possibile anche <a href=\"https:\/\/www.comune.savona.it\/it\/aree-tematiche\/famiglia-e-fasi-della-vita\/separazione-e-divorzio.html\" title=\"\"><mark style=\"background-color:rgba(0, 0, 0, 0)\" class=\"has-inline-color has-main-primary-dark-color\"><strong>effettuare in Comune<\/strong><\/mark><\/a>. <\/p>\n\n\n\n<p>In ogni caso, \u00e8 compito dell&#8217;avvocato aiutare il cliente a capire cosa si aspetta dalla fine di una relazione o di un matrimonio, ascoltando e proponendo la soluzione migliore, che riduca i conflitti in futuro e che tuteli al meglio i figli nati dal matrimonio o dalla convivenza: troppo spesso la fine di una relazione pregiudica il futuro economico e affettivo di una persona, solo perch\u00e9  ha affrontato con superficialit\u00e0 accordi destinati a durare anche molti anni.<\/p>\n\n\n\n<p>Nel suo momento patologico, la famiglia ha bisogno di una rete di supporto e di professionisti che si occupino di lei, con una visione interdisciplinare, che metta, in primo luogo, in sicurezza<strong> i minori<\/strong>.<\/p>\n\n\n\n<p>Le difficolt\u00e0 nei rapporti fra genitori possono portare a provvedimenti modificativi della responsabilit\u00e0 genitoriale o, addirittura, a procedimenti di decadenza davanti al <strong><a href=\"https:\/\/www.ufficigiudiziarigenova.it\/ufficigiudiziari\/minori.aspx?pnl=1\" title=\"\"><mark style=\"background-color:rgba(0, 0, 0, 0)\" class=\"has-inline-color has-main-primary-dark-color\">Tribunale per i Minorenni<\/mark><\/a><\/strong>.<\/p>\n\n\n\n<p>L&#8217;inadeguatezza genitoriale pu\u00f2 sostanziarsi in condotte volte alla sottrazione dei minori da parte di un genitore o in comportamenti che colpiscono la bigenitorialit\u00e0. <\/p>\n\n\n\n<p>In questi frangenti, occorre affidarsi ad un avvocato non solo con esperienza in materia, ma con profonda comprensione delle sofferenze che pu\u00f2 affrontare sia il minore che il genitore in tale frangente.<\/p>\n\n\n\n<p style=\"padding-top:var(--wp--preset--spacing--50);padding-bottom:var(--wp--preset--spacing--50)\"> <\/p>\n\n\n<div class=\"is-default-size aligncenter wp-block-site-logo\"><a href=\"https:\/\/avvocatolusso.com\/\" class=\"custom-logo-link\" rel=\"home\"><img loading=\"lazy\" decoding=\"async\" width=\"500\" height=\"500\" src=\"https:\/\/avvocatolusso.com\/wp-content\/uploads\/2024\/02\/LOGO_quadrato-1.png\" class=\"custom-logo\" alt=\"Logo Studio Lusso\" srcset=\"https:\/\/avvocatolusso.com\/wp-content\/uploads\/2024\/02\/LOGO_quadrato-1.png 500w, https:\/\/avvocatolusso.com\/wp-content\/uploads\/2024\/02\/LOGO_quadrato-1-300x300.png 300w, https:\/\/avvocatolusso.com\/wp-content\/uploads\/2024\/02\/LOGO_quadrato-1-150x150.png 150w\" sizes=\"auto, (max-width: 500px) 100vw, 500px\" \/><\/a><\/div>\n\n\n<h2 class=\"wp-block-heading has-text-align-center\">La difesa penale<\/h2>\n\n\n\n<figure class=\"wp-block-image aligncenter size-large is-resized\"><img loading=\"lazy\" decoding=\"async\" width=\"1024\" height=\"682\" src=\"https:\/\/avvocatolusso.com\/wp-content\/uploads\/2024\/02\/people-3248054_1280-1024x682.jpg\" alt=\"\" class=\"wp-image-133\" style=\"width:508px;height:auto\" srcset=\"https:\/\/avvocatolusso.com\/wp-content\/uploads\/2024\/02\/people-3248054_1280-1024x682.jpg 1024w, https:\/\/avvocatolusso.com\/wp-content\/uploads\/2024\/02\/people-3248054_1280-300x200.jpg 300w, https:\/\/avvocatolusso.com\/wp-content\/uploads\/2024\/02\/people-3248054_1280-768x512.jpg 768w, https:\/\/avvocatolusso.com\/wp-content\/uploads\/2024\/02\/people-3248054_1280-540x360.jpg 540w, https:\/\/avvocatolusso.com\/wp-content\/uploads\/2024\/02\/people-3248054_1280-1080x720.jpg 1080w, https:\/\/avvocatolusso.com\/wp-content\/uploads\/2024\/02\/people-3248054_1280-1110x740.jpg 1110w, https:\/\/avvocatolusso.com\/wp-content\/uploads\/2024\/02\/people-3248054_1280.jpg 1280w\" sizes=\"auto, (max-width: 1024px) 100vw, 1024px\" \/><\/figure>\n\n\n\n<p> <\/p>\n\n\n\n<p style=\"padding-top:var(--wp--preset--spacing--30);padding-bottom:var(--wp--preset--spacing--30)\">Lo Studio Legale ha maturato esperienza in particolar modo nei reati connessi alla <strong>circolazione stradale<\/strong> (guida in stato di ebrezza, omicidio stradale, lesioni personali colpose, etc&#8230;), reati previsti dal cosiddetto &#8220;codice rosso&#8221; introdotto dalla legge 69 del 2019: <strong><a href=\"https:\/\/www.brocardi.it\/codice-penale\/libro-secondo\/titolo-xii\/capo-iii\/sezione-ii\/art609bis.html?utm_source=internal&amp;utm_medium=link&amp;utm_campaign=articolo&amp;utm_content=nav_art_succ_top\" title=\"\"><mark style=\"background-color:rgba(0, 0, 0, 0)\" class=\"has-inline-color has-main-primary-dark-color\">violenza sessuale<\/mark><\/a>,<\/strong> atti sessuali, <strong><em><a href=\"https:\/\/www.brocardi.it\/codice-penale\/libro-secondo\/titolo-xii\/capo-iii\/sezione-iii\/art612bis.html\" title=\"\"><mark style=\"background-color:rgba(0, 0, 0, 0)\" class=\"has-inline-color has-main-primary-dark-color\">stalking<\/mark><\/a><\/em>, <em><a href=\"https:\/\/www.brocardi.it\/codice-penale\/libro-secondo\/titolo-xii\/capo-iii\/sezione-iii\/art612ter.html?utm_source=internal&amp;utm_medium=link&amp;utm_campaign=articolo&amp;utm_content=nav_art_succ_top\" title=\"\"><mark style=\"background-color:rgba(0, 0, 0, 0)\" class=\"has-inline-color has-main-primary-dark-color\">revenge porn<\/mark><\/a><\/em>, <a href=\"https:\/\/www.brocardi.it\/codice-penale\/libro-secondo\/titolo-xi\/capo-iv\/art572.html\" title=\"\"><mark style=\"background-color:rgba(0, 0, 0, 0)\" class=\"has-inline-color has-main-primary-dark-color\">maltrattamenti in famiglia<\/mark><\/a><\/strong>.<\/p>\n\n\n\n<p>Ci occupiamo anche di <strong>Reati contro la persona<\/strong> in genere, <strong>Reati contro il patrimonio<\/strong>, come la truffa, <strong>Reati tributari<\/strong>, Reati in materia di <strong>responsabilit\u00e0 professionale<\/strong>, Reati in materia di <strong>edilizia ed urbanistica<\/strong>, Reati in <strong>materia di sicurezza e di igiene sul lavoro<\/strong>, Reati in materia di <strong>violazione della privacy<\/strong>, Responsabilit\u00e0 delle persone giuridiche e degli Enti di cui al <strong>D.Lgs. n. 231\/01<\/strong>.<\/p>\n\n\n\n<p>   <\/p>\n\n\n\n<p> <\/p>\n","protected":false},"excerpt":{"rendered":"<p>Esiste l&#8217;avvocato migliore? Forse l&#8217;avvocato migliore \u00e8 semplicemente quello di cui si ha fiducia. La fiducia si conquista con i fatti e non con le parole; con la presenza, quando c&#8217;\u00e8 bisogno, con una soluzione, quando c&#8217;\u00e8 un problema che sembra insormontabile. Lo studio dell&#8217;avvocato Lusso L&#8217;Avvocato Ivano Lusso, patrocinante in Cassazione e presso le [&hellip;]<\/p>\n","protected":false},"author":1,"featured_media":0,"parent":0,"menu_order":0,"comment_status":"closed","ping_status":"open","template":"","meta":{"om_disable_all_campaigns":false,"_monsterinsights_skip_tracking":false,"_monsterinsights_sitenote_active":false,"_monsterinsights_sitenote_note":"","_monsterinsights_sitenote_category":0,"footnotes":""},"class_list":["post-2","page","type-page","status-publish","hentry"],"aioseo_notices":[],"_links":{"self":[{"href":"https:\/\/avvocatolusso.com\/index.php\/wp-json\/wp\/v2\/pages\/2","targetHints":{"allow":["GET"]}}],"collection":[{"href":"https:\/\/avvocatolusso.com\/index.php\/wp-json\/wp\/v2\/pages"}],"about":[{"href":"https:\/\/avvocatolusso.com\/index.php\/wp-json\/wp\/v2\/types\/page"}],"author":[{"embeddable":true,"href":"https:\/\/avvocatolusso.com\/index.php\/wp-json\/wp\/v2\/users\/1"}],"replies":[{"embeddable":true,"href":"https:\/\/avvocatolusso.com\/index.php\/wp-json\/wp\/v2\/comments?post=2"}],"version-history":[{"count":70,"href":"https:\/\/avvocatolusso.com\/index.php\/wp-json\/wp\/v2\/pages\/2\/revisions"}],"predecessor-version":[{"id":426,"href":"https:\/\/avvocatolusso.com\/index.php\/wp-json\/wp\/v2\/pages\/2\/revisions\/426"}],"wp:attachment":[{"href":"https:\/\/avvocatolusso.com\/index.php\/wp-json\/wp\/v2\/media?parent=2"}],"curies":[{"name":"wp","href":"https:\/\/api.w.org\/{rel}","templated":true}]}}